{"id":38,"date":"2021-02-23T21:56:25","date_gmt":"2021-02-23T21:56:25","guid":{"rendered":"https:\/\/wp.gardermoenflyklubb.no\/?page_id=38"},"modified":"2021-02-23T21:56:25","modified_gmt":"2021-02-23T21:56:25","slug":"flysertifikat-2021","status":"publish","type":"page","link":"https:\/\/wp.gardermoenflyklubb.no\/","title":{"rendered":"Flysertifikat 2021"},"content":{"rendered":"\n<p class=\"has-text-align-center has-large-font-size\"><strong><span class=\"has-inline-color has-vivid-red-color\">Veien til flysertifikat er p\u00e5 Gardermoen<\/span><\/strong><\/p>\n\n\n\n<p class=\"has-text-align-center has-medium-font-size\"><strong>Se hva vi  kan tilby HER!<br>Ta kontakt for pr\u00f8vetime<br>Instrukt\u00f8r Steinar Storm Kristiansen, tlf. 413 80 441<\/strong><br><img loading=\"lazy\" width=\"450\" height=\"85\" class=\"wp-image-25\" style=\"width: 400px;\" src=\"https:\/\/wp.gardermoenflyklubb.no\/wp-content\/uploads\/2016\/05\/85736_33_69010_1368506277_thumb_450.png\" alt=\"\" srcset=\"https:\/\/wp.gardermoenflyklubb.no\/wp-content\/uploads\/2016\/05\/85736_33_69010_1368506277_thumb_450.png 450w, https:\/\/wp.gardermoenflyklubb.no\/wp-content\/uploads\/2016\/05\/85736_33_69010_1368506277_thumb_450-300x57.png 300w\" sizes=\"(max-width: 450px) 100vw, 450px\" \/><\/p>\n\n\n\n<p>Vi holder til p\u00e5 vestsiden, like nord for &#8220;gamle&#8221; t\u00e5rnet (se kj\u00f8rerute). Alle flyinteresserte er velkomne, b\u00e5de du som er ung og vil bli yrkespilot eller du som er litt eldre som \u00f8nsker dette som hobby.<br>Vi har moderne skolefly og profesjonelle instrukt\u00f8rer klare til \u00e5  hjelpe deg p\u00e5 veien til dr\u00f8mmen om flysertifikat.<\/p>\n","protected":false},"excerpt":{"rendered":"<p>Veien til flysertifikat er p\u00e5 Gardermoen Se hva vi kan tilby HER!Ta kontakt for pr\u00f8vetimeInstrukt\u00f8r Steinar Storm Kristiansen, tlf. 413<\/p>\n","protected":false},"author":1,"featured_media":0,"parent":0,"menu_order":0,"comment_status":"closed","ping_status":"closed","template":"","meta":[],"_links":{"self":[{"href":"https:\/\/wp.gardermoenflyklubb.no\/index.php?rest_route=\/wp\/v2\/pages\/38"}],"collection":[{"href":"https:\/\/wp.gardermoenflyklubb.no\/index.php?rest_route=\/wp\/v2\/pages"}],"about":[{"href":"https:\/\/wp.gardermoenflyklubb.no\/index.php?rest_route=\/wp\/v2\/types\/page"}],"author":[{"embeddable":true,"href":"https:\/\/wp.gardermoenflyklubb.no\/index.php?rest_route=\/wp\/v2\/users\/1"}],"replies":[{"embeddable":true,"href":"https:\/\/wp.gardermoenflyklubb.no\/index.php?rest_route=%2Fwp%2Fv2%2Fcomments&post=38"}],"version-history":[{"count":1,"href":"https:\/\/wp.gardermoenflyklubb.no\/index.php?rest_route=\/wp\/v2\/pages\/38\/revisions"}],"predecessor-version":[{"id":39,"href":"https:\/\/wp.gardermoenflyklubb.no\/index.php?rest_route=\/wp\/v2\/pages\/38\/revisions\/39"}],"wp:attachment":[{"href":"https:\/\/wp.gardermoenflyklubb.no\/index.php?rest_route=%2Fwp%2Fv2%2Fmedia&parent=38"}],"curies":[{"name":"wp","href":"https:\/\/api.w.org\/{rel}","templated":true}]}}